{"id":10,"date":"2016-11-22T23:25:43","date_gmt":"2016-11-22T22:25:43","guid":{"rendered":"http:\/\/www.sunflowerproject.es\/blog\/?page_id=10"},"modified":"2017-09-17T21:05:42","modified_gmt":"2017-09-17T19:05:42","slug":"sobre-mi","status":"publish","type":"page","link":"https:\/\/www.sunflowerproject.es\/blog\/sobre-mi\/","title":{"rendered":"Sobre m\u00ed"},"content":{"rendered":"<p>Creativa, so\u00f1adora y aventurera, as\u00ed es como me defino. Soy Laura Losilla, dise\u00f1adora, profesora y artista. Licenciada en Bellas Artes, especializada en Dise\u00f1o Creativo y Educaci\u00f3n Art\u00edstica, y formada en Arteterapia.<\/p>\n<p>He trabajado como dise\u00f1adora gr\u00e1fica en diferentes agencias de publicidad compagin\u00e1ndolo con la educaci\u00f3n como profesora de dibujo de Educaci\u00f3n Secundaria y de diversos talleres art\u00edsticos.<\/p>\n<p>Con m\u00e1s de 10 a\u00f1os de experiencia, trabajo como freelance en proyectos nacionales e internacionales de artes visuales y dise\u00f1o gr\u00e1fico. Asimismo, imparto talleres de creatividad.<\/p>\n<p>En 2015 creo Sunflower Project, un proyecto art\u00edstico donde mediante la combinaci\u00f3n de distintas t\u00e9cnicas creativas aplicadas a la educaci\u00f3n ayudo a potenciar la creatividad.<\/p>\n<p style=\"text-align: center;\"><a href=\"https:\/\/www.sunflowerproject.es\/\"><span style=\"color: #c46d21;\">www.sunflowerproject.es<\/span><\/a><\/p>\n<p><img loading=\"lazy\" decoding=\"async\" class=\"wp-image-17 size-large aligncenter\" src=\"http:\/\/www.sunflowerproject.es\/blog\/wp-content\/uploads\/2016\/11\/LauraLosilla-600x360.jpg\" alt=\"lauralosilla\" width=\"600\" height=\"360\" srcset=\"https:\/\/www.sunflowerproject.es\/blog\/wp-content\/uploads\/2016\/11\/LauraLosilla-600x360.jpg 600w, https:\/\/www.sunflowerproject.es\/blog\/wp-content\/uploads\/2016\/11\/LauraLosilla-300x180.jpg 300w, https:\/\/www.sunflowerproject.es\/blog\/wp-content\/uploads\/2016\/11\/LauraLosilla-768x461.jpg 768w, https:\/\/www.sunflowerproject.es\/blog\/wp-content\/uploads\/2016\/11\/LauraLosilla.jpg 2000w\" sizes=\"auto, (max-width: 600px) 100vw, 600px\" \/><\/p>\n<p>&nbsp;<\/p>\n","protected":false},"excerpt":{"rendered":"<p>Creativa, so\u00f1adora y aventurera, as\u00ed es como me defino. Soy Laura Losilla, dise\u00f1adora, profesora y artista. Licenciada en Bellas Artes, especializada en Dise\u00f1o Creativo y Educaci\u00f3n Art\u00edstica, y formada en Arteterapia. He trabajado como dise\u00f1adora gr\u00e1fica en diferentes agencias de publicidad compagin\u00e1ndolo con la educaci\u00f3n como profesora de dibujo de Educaci\u00f3n Secundaria y de diversos [&hellip;]<\/p>\n","protected":false},"author":3,"featured_media":0,"parent":0,"menu_order":0,"comment_status":"closed","ping_status":"closed","template":"","meta":{"sfsi_plus_gutenberg_text_before_share":"","sfsi_plus_gutenberg_show_text_before_share":"","sfsi_plus_gutenberg_icon_type":"","sfsi_plus_gutenberg_icon_alignemt":"","sfsi_plus_gutenburg_max_per_row":"","footnotes":""},"class_list":["post-10","page","type-page","status-publish","hentry"],"_links":{"self":[{"href":"https:\/\/www.sunflowerproject.es\/blog\/wp-json\/wp\/v2\/pages\/10","targetHints":{"allow":["GET"]}}],"collection":[{"href":"https:\/\/www.sunflowerproject.es\/blog\/wp-json\/wp\/v2\/pages"}],"about":[{"href":"https:\/\/www.sunflowerproject.es\/blog\/wp-json\/wp\/v2\/types\/page"}],"author":[{"embeddable":true,"href":"https:\/\/www.sunflowerproject.es\/blog\/wp-json\/wp\/v2\/users\/3"}],"replies":[{"embeddable":true,"href":"https:\/\/www.sunflowerproject.es\/blog\/wp-json\/wp\/v2\/comments?post=10"}],"version-history":[{"count":11,"href":"https:\/\/www.sunflowerproject.es\/blog\/wp-json\/wp\/v2\/pages\/10\/revisions"}],"predecessor-version":[{"id":180,"href":"https:\/\/www.sunflowerproject.es\/blog\/wp-json\/wp\/v2\/pages\/10\/revisions\/180"}],"wp:attachment":[{"href":"https:\/\/www.sunflowerproject.es\/blog\/wp-json\/wp\/v2\/media?parent=10"}],"curies":[{"name":"wp","href":"https:\/\/api.w.org\/{rel}","templated":true}]}}